{"id":971,"date":"2015-03-24T20:07:54","date_gmt":"2015-03-24T20:07:54","guid":{"rendered":"http:\/\/hbmstage.com\/?page_id=971"},"modified":"2022-10-06T15:10:26","modified_gmt":"2022-10-06T15:10:26","slug":"safety","status":"publish","type":"page","link":"https:\/\/weld-on.bannerpreviewsite.com\/es\/apoyo-tecnico\/seguridad\/","title":{"rendered":"Seguridad"},"content":{"rendered":"<div class=\"row\">\n<div class=\"col-12 col-lg-8\">\n<p>Todos los cementos e imprimaciones solventes Weld-On se pueden usar con \u00e9xito para soldar con solvente los sistemas de tuber\u00edas de pl\u00e1stico <strong>cuando se siguen los procedimientos correctos de aplicaci\u00f3n y seguridad.<\/strong> Siempre lea las instrucciones en las etiquetas de nuestros productos y siga estas pautas de seguridad.<\/p>\n<ul>\n<li>No utilice ni almacene productos Weld-On cerca de chispas, calor, llamas u otras fuentes de ignici\u00f3n. Aseg\u00farese de que todo el equipo en el \u00e1rea de trabajo est\u00e9 conectado a tierra para evitar chispas.<\/li>\n<li>No fume, coma ni beba cuando utilice productos Weld-On. Aseg\u00farese de que el \u00e1rea de trabajo est\u00e9 bien ventilada y evite respirar los vapores del solvente.<\/li>\n<li>Use respiradores aprobados por NIOSH cuando suelde con solvente sistemas de tuber\u00edas en \u00e1reas cerradas o en cualquier \u00e1rea con ventilaci\u00f3n inadecuada.<\/li>\n<li>Use equipo de protecci\u00f3n adecuado (gafas y guantes de seguridad).<\/li>\n<\/ul>\n<p><strong>NOTA:<\/strong> Los sistemas de tuber\u00edas de PVC y CPVC no deben usarse ni probarse con aire o gases comprimidos. El aire comprimido o el gas pueden contener energ\u00eda almacenada que puede provocar fallas catastr\u00f3ficas (incluidas lesiones corporales, muerte y\/o da\u00f1os a la propiedad) si se rompe el sistema de tuber\u00edas. Utilice \u00fanicamente la prueba de presi\u00f3n hidrost\u00e1tica (agua).<\/p>\n<p><strong>PRECAUCI\u00d3N:<\/strong> Si se utilizan cementos solventes e imprimaci\u00f3n Weld-On para instalar el sistema de tuber\u00edas de agua potable, no use hipoclorito de calcio granular seco, un producto qu\u00edmico para el tratamiento del agua, para desinfectar el sistema de tuber\u00edas. Mezclar los dos puede causar una reacci\u00f3n qu\u00edmica vol\u00e1til. En su lugar, utilice agua clorada no vol\u00e1til para purificar el sistema de tuber\u00edas.<\/p>\n<\/div>\n<div class=\"col-12 col-lg-4 text-center\">\n<img decoding=\"async\" src=\"https:\/\/weld-on.bannerpreviewsite.com\/wp-content\/uploads\/2015\/03\/safety.jpg\" alt=\"seguridad\" \/>\n<\/div>\n<\/div>","protected":false},"excerpt":{"rendered":"<p>Todos los cementos e imprimadores solventes Weld-On se pueden usar con \u00e9xito para soldar con solvente los sistemas de tuber\u00edas de pl\u00e1stico cuando se siguen los procedimientos correctos de aplicaci\u00f3n y seguridad. Siempre lea las instrucciones en las etiquetas de nuestros productos y siga estas pautas de seguridad. No utilice ni almacene productos Weld-On cerca de chispas, calor, llamas u otras fuentes de ignici\u00f3n. Aseg\u00farese de que todos [\u2026]<\/p>","protected":false},"author":4,"featured_media":0,"parent":721,"menu_order":0,"comment_status":"closed","ping_status":"open","template":"","meta":{"_acf_changed":false,"footnotes":""},"class_list":["post-971","page","type-page","status-publish","hentry"],"acf":[],"yoast_head":"<!-- This site is optimized with the Yoast SEO plugin v26.5 - https:\/\/yoast.com\/wordpress\/plugins\/seo\/ -->\n<title>Safety - Weld-On<\/title>\n<meta name=\"robots\" content=\"index, follow, max-snippet:-1, max-image-preview:large, max-video-preview:-1\" \/>\n<link rel=\"canonical\" href=\"https:\/\/weld-on.bannerpreviewsite.com\/es\/apoyo-tecnico\/seguridad\/\" \/>\n<meta property=\"og:locale\" content=\"es_MX\" \/>\n<meta property=\"og:type\" content=\"article\" \/>\n<meta property=\"og:title\" content=\"Safety - Weld-On\" \/>\n<meta property=\"og:description\" content=\"All Weld-On solvents cements and primers can successfully be used to solvent weld plastic piping systems when correct application and safety procedures are followed. Always read directions on our product labels and following these safety guidelines. Do not use or store Weld-On products near sparks, heat, flame or other sources of ignition. Ensure that all [&hellip;]\" \/>\n<meta property=\"og:url\" content=\"https:\/\/weld-on.bannerpreviewsite.com\/es\/apoyo-tecnico\/seguridad\/\" \/>\n<meta property=\"og:site_name\" content=\"Weld-On\" \/>\n<meta property=\"article:publisher\" content=\"https:\/\/www.facebook.com\/weldoncements\/\" \/>\n<meta property=\"article:modified_time\" content=\"2022-10-06T15:10:26+00:00\" \/>\n<meta property=\"og:image\" content=\"https:\/\/weld-on.bannerpreviewsite.com\/wp-content\/uploads\/2015\/03\/safety.jpg\" \/>\n<meta name=\"twitter:card\" content=\"summary_large_image\" \/>\n<meta name=\"twitter:label1\" content=\"Tiempo de lectura\" \/>\n\t<meta name=\"twitter:data1\" content=\"1 minuto\" \/>\n<script type=\"application\/ld+json\" class=\"yoast-schema-graph\">{\"@context\":\"https:\/\/schema.org\",\"@graph\":[{\"@type\":\"WebPage\",\"@id\":\"https:\/\/weld-on.bannerpreviewsite.com\/technical-support\/safety\/\",\"url\":\"https:\/\/weld-on.bannerpreviewsite.com\/technical-support\/safety\/\",\"name\":\"Safety - Weld-On\",\"isPartOf\":{\"@id\":\"https:\/\/weld-on.bannerpreviewsite.com\/#website\"},\"primaryImageOfPage\":{\"@id\":\"https:\/\/weld-on.bannerpreviewsite.com\/technical-support\/safety\/#primaryimage\"},\"image\":{\"@id\":\"https:\/\/weld-on.bannerpreviewsite.com\/technical-support\/safety\/#primaryimage\"},\"thumbnailUrl\":\"https:\/\/weld-on.bannerpreviewsite.com\/wp-content\/uploads\/2015\/03\/safety.jpg\",\"datePublished\":\"2015-03-24T20:07:54+00:00\",\"dateModified\":\"2022-10-06T15:10:26+00:00\",\"breadcrumb\":{\"@id\":\"https:\/\/weld-on.bannerpreviewsite.com\/technical-support\/safety\/#breadcrumb\"},\"inLanguage\":\"es\",\"potentialAction\":[{\"@type\":\"ReadAction\",\"target\":[\"https:\/\/weld-on.bannerpreviewsite.com\/technical-support\/safety\/\"]}]},{\"@type\":\"ImageObject\",\"inLanguage\":\"es\",\"@id\":\"https:\/\/weld-on.bannerpreviewsite.com\/technical-support\/safety\/#primaryimage\",\"url\":\"https:\/\/weld-on.bannerpreviewsite.com\/wp-content\/uploads\/2015\/03\/safety.jpg\",\"contentUrl\":\"https:\/\/weld-on.bannerpreviewsite.com\/wp-content\/uploads\/2015\/03\/safety.jpg\"},{\"@type\":\"BreadcrumbList\",\"@id\":\"https:\/\/weld-on.bannerpreviewsite.com\/technical-support\/safety\/#breadcrumb\",\"itemListElement\":[{\"@type\":\"ListItem\",\"position\":1,\"name\":\"Home\",\"item\":\"https:\/\/weld-on.bannerpreviewsite.com\/\"},{\"@type\":\"ListItem\",\"position\":2,\"name\":\"Technical Support\",\"item\":\"https:\/\/weld-on.bannerpreviewsite.com\/technical-support\/\"},{\"@type\":\"ListItem\",\"position\":3,\"name\":\"Safety\"}]},{\"@type\":\"WebSite\",\"@id\":\"https:\/\/weld-on.bannerpreviewsite.com\/#website\",\"url\":\"https:\/\/weld-on.bannerpreviewsite.com\/\",\"name\":\"Weld-On Adhesives\",\"description\":\"\",\"publisher\":{\"@id\":\"https:\/\/weld-on.bannerpreviewsite.com\/#organization\"},\"potentialAction\":[{\"@type\":\"SearchAction\",\"target\":{\"@type\":\"EntryPoint\",\"urlTemplate\":\"https:\/\/weld-on.bannerpreviewsite.com\/?s={search_term_string}\"},\"query-input\":{\"@type\":\"PropertyValueSpecification\",\"valueRequired\":true,\"valueName\":\"search_term_string\"}}],\"inLanguage\":\"es\"},{\"@type\":\"Organization\",\"@id\":\"https:\/\/weld-on.bannerpreviewsite.com\/#organization\",\"name\":\"Weld-On Adhesives\",\"url\":\"https:\/\/weld-on.bannerpreviewsite.com\/\",\"logo\":{\"@type\":\"ImageObject\",\"inLanguage\":\"es\",\"@id\":\"https:\/\/weld-on.bannerpreviewsite.com\/#\/schema\/logo\/image\/\",\"url\":\"https:\/\/weld-on.bannerpreviewsite.com\/wp-content\/uploads\/2022\/06\/weldon-logo-e1656006960547.png\",\"contentUrl\":\"https:\/\/weld-on.bannerpreviewsite.com\/wp-content\/uploads\/2022\/06\/weldon-logo-e1656006960547.png\",\"width\":300,\"height\":53,\"caption\":\"Weld-On Adhesives\"},\"image\":{\"@id\":\"https:\/\/weld-on.bannerpreviewsite.com\/#\/schema\/logo\/image\/\"},\"sameAs\":[\"https:\/\/www.facebook.com\/weldoncements\/\",\"https:\/\/www.linkedin.com\/company\/3266788\/\",\"https:\/\/www.youtube.com\/user\/WeldonSolventCements\"]}]}<\/script>\n<!-- \/ Yoast SEO plugin. -->","yoast_head_json":{"title":"Seguridad: soldado","robots":{"index":"index","follow":"follow","max-snippet":"max-snippet:-1","max-image-preview":"max-image-preview:large","max-video-preview":"max-video-preview:-1"},"canonical":"https:\/\/weld-on.bannerpreviewsite.com\/es\/apoyo-tecnico\/seguridad\/","og_locale":"es_MX","og_type":"article","og_title":"Safety - Weld-On","og_description":"All Weld-On solvents cements and primers can successfully be used to solvent weld plastic piping systems when correct application and safety procedures are followed. Always read directions on our product labels and following these safety guidelines. Do not use or store Weld-On products near sparks, heat, flame or other sources of ignition. Ensure that all [&hellip;]","og_url":"https:\/\/weld-on.bannerpreviewsite.com\/es\/apoyo-tecnico\/seguridad\/","og_site_name":"Weld-On","article_publisher":"https:\/\/www.facebook.com\/weldoncements\/","article_modified_time":"2022-10-06T15:10:26+00:00","og_image":[{"url":"https:\/\/weld-on.bannerpreviewsite.com\/wp-content\/uploads\/2015\/03\/safety.jpg","type":"","width":"","height":""}],"twitter_card":"summary_large_image","twitter_misc":{"Tiempo de lectura":"1 minuto"},"schema":{"@context":"https:\/\/schema.org","@graph":[{"@type":"WebPage","@id":"https:\/\/weld-on.bannerpreviewsite.com\/technical-support\/safety\/","url":"https:\/\/weld-on.bannerpreviewsite.com\/technical-support\/safety\/","name":"Seguridad: soldado","isPartOf":{"@id":"https:\/\/weld-on.bannerpreviewsite.com\/#website"},"primaryImageOfPage":{"@id":"https:\/\/weld-on.bannerpreviewsite.com\/technical-support\/safety\/#primaryimage"},"image":{"@id":"https:\/\/weld-on.bannerpreviewsite.com\/technical-support\/safety\/#primaryimage"},"thumbnailUrl":"https:\/\/weld-on.bannerpreviewsite.com\/wp-content\/uploads\/2015\/03\/safety.jpg","datePublished":"2015-03-24T20:07:54+00:00","dateModified":"2022-10-06T15:10:26+00:00","breadcrumb":{"@id":"https:\/\/weld-on.bannerpreviewsite.com\/technical-support\/safety\/#breadcrumb"},"inLanguage":"es","potentialAction":[{"@type":"ReadAction","target":["https:\/\/weld-on.bannerpreviewsite.com\/technical-support\/safety\/"]}]},{"@type":"ImageObject","inLanguage":"es","@id":"https:\/\/weld-on.bannerpreviewsite.com\/technical-support\/safety\/#primaryimage","url":"https:\/\/weld-on.bannerpreviewsite.com\/wp-content\/uploads\/2015\/03\/safety.jpg","contentUrl":"https:\/\/weld-on.bannerpreviewsite.com\/wp-content\/uploads\/2015\/03\/safety.jpg"},{"@type":"BreadcrumbList","@id":"https:\/\/weld-on.bannerpreviewsite.com\/technical-support\/safety\/#breadcrumb","itemListElement":[{"@type":"ListItem","position":1,"name":"Home","item":"https:\/\/weld-on.bannerpreviewsite.com\/"},{"@type":"ListItem","position":2,"name":"Technical Support","item":"https:\/\/weld-on.bannerpreviewsite.com\/technical-support\/"},{"@type":"ListItem","position":3,"name":"Safety"}]},{"@type":"WebSite","@id":"https:\/\/weld-on.bannerpreviewsite.com\/#website","url":"https:\/\/weld-on.bannerpreviewsite.com\/","name":"Adhesivos para soldar","description":"","publisher":{"@id":"https:\/\/weld-on.bannerpreviewsite.com\/#organization"},"potentialAction":[{"@type":"SearchAction","target":{"@type":"EntryPoint","urlTemplate":"https:\/\/weld-on.bannerpreviewsite.com\/?s={search_term_string}"},"query-input":{"@type":"PropertyValueSpecification","valueRequired":true,"valueName":"search_term_string"}}],"inLanguage":"es"},{"@type":"Organization","@id":"https:\/\/weld-on.bannerpreviewsite.com\/#organization","name":"Adhesivos para soldar","url":"https:\/\/weld-on.bannerpreviewsite.com\/","logo":{"@type":"ImageObject","inLanguage":"es","@id":"https:\/\/weld-on.bannerpreviewsite.com\/#\/schema\/logo\/image\/","url":"https:\/\/weld-on.bannerpreviewsite.com\/wp-content\/uploads\/2022\/06\/weldon-logo-e1656006960547.png","contentUrl":"https:\/\/weld-on.bannerpreviewsite.com\/wp-content\/uploads\/2022\/06\/weldon-logo-e1656006960547.png","width":300,"height":53,"caption":"Weld-On Adhesives"},"image":{"@id":"https:\/\/weld-on.bannerpreviewsite.com\/#\/schema\/logo\/image\/"},"sameAs":["https:\/\/www.facebook.com\/weldoncements\/","https:\/\/www.linkedin.com\/company\/3266788\/","https:\/\/www.youtube.com\/user\/WeldonSolventCements"]}]}},"_links":{"self":[{"href":"https:\/\/weld-on.bannerpreviewsite.com\/es\/wp-json\/wp\/v2\/pages\/971","targetHints":{"allow":["GET"]}}],"collection":[{"href":"https:\/\/weld-on.bannerpreviewsite.com\/es\/wp-json\/wp\/v2\/pages"}],"about":[{"href":"https:\/\/weld-on.bannerpreviewsite.com\/es\/wp-json\/wp\/v2\/types\/page"}],"author":[{"embeddable":true,"href":"https:\/\/weld-on.bannerpreviewsite.com\/es\/wp-json\/wp\/v2\/users\/4"}],"replies":[{"embeddable":true,"href":"https:\/\/weld-on.bannerpreviewsite.com\/es\/wp-json\/wp\/v2\/comments?post=971"}],"version-history":[{"count":4,"href":"https:\/\/weld-on.bannerpreviewsite.com\/es\/wp-json\/wp\/v2\/pages\/971\/revisions"}],"predecessor-version":[{"id":21977,"href":"https:\/\/weld-on.bannerpreviewsite.com\/es\/wp-json\/wp\/v2\/pages\/971\/revisions\/21977"}],"up":[{"embeddable":true,"href":"https:\/\/weld-on.bannerpreviewsite.com\/es\/wp-json\/wp\/v2\/pages\/721"}],"wp:attachment":[{"href":"https:\/\/weld-on.bannerpreviewsite.com\/es\/wp-json\/wp\/v2\/media?parent=971"}],"curies":[{"name":"wp","href":"https:\/\/api.w.org\/{rel}","templated":true}]}}